{"id":2434,"date":"2021-02-25T16:20:23","date_gmt":"2021-02-25T15:20:23","guid":{"rendered":"http:\/\/www.confesercenti.hmd.it\/?page_id=2434"},"modified":"2023-07-10T11:22:52","modified_gmt":"2023-07-10T09:22:52","slug":"imprenditoria-femminile","status":"publish","type":"page","link":"https:\/\/www.confesercenticampania.it\/demo\/imprenditoria-femminile\/","title":{"rendered":"Imprenditoria Femminile"},"content":{"rendered":"\t\t<div data-elementor-type=\"wp-page\" data-elementor-id=\"2434\" class=\"elementor elementor-2434\" data-elementor-post-type=\"page\">\n\t\t\t\t\t\t<section class=\"elementor-section elementor-top-section elementor-element elementor-element-f5bd434 elementor-section-boxed elementor-section-height-default elementor-section-height-default\" data-id=\"f5bd434\" data-element_type=\"section\">\n\t\t\t\t\t\t<div class=\"elementor-container elementor-column-gap-default\">\n\t\t\t\t\t<div class=\"elementor-column elementor-col-100 elementor-top-column elementor-element elementor-element-73947fe\" data-id=\"73947fe\" data-element_type=\"column\">\n\t\t\t<div class=\"elementor-widget-wrap elementor-element-populated\">\n\t\t\t\t\t\t<div class=\"elementor-element elementor-element-d89a3b7 elementor-widget elementor-widget-image\" data-id=\"d89a3b7\" data-element_type=\"widget\" data-widget_type=\"image.default\">\n\t\t\t\t<div class=\"elementor-widget-container\">\n\t\t\t\t\t\t\t\t\t\t\t\t\t\t\t<img fetchpriority=\"high\" decoding=\"async\" width=\"800\" height=\"400\" src=\"https:\/\/www.confesercenticampania.it\/demo\/wp-content\/uploads\/2023\/07\/imprenditoria-femminile-1200x6001-1-1024x512.jpg\" class=\"attachment-large size-large wp-image-4195\" alt=\"\" srcset=\"https:\/\/www.confesercenticampania.it\/demo\/wp-content\/uploads\/2023\/07\/imprenditoria-femminile-1200x6001-1-1024x512.jpg 1024w, https:\/\/www.confesercenticampania.it\/demo\/wp-content\/uploads\/2023\/07\/imprenditoria-femminile-1200x6001-1-300x150.jpg 300w, https:\/\/www.confesercenticampania.it\/demo\/wp-content\/uploads\/2023\/07\/imprenditoria-femminile-1200x6001-1-768x384.jpg 768w, https:\/\/www.confesercenticampania.it\/demo\/wp-content\/uploads\/2023\/07\/imprenditoria-femminile-1200x6001-1.jpg 1200w\" sizes=\"(max-width: 800px) 100vw, 800px\" \/>\t\t\t\t\t\t\t\t\t\t\t\t\t\t\t<\/div>\n\t\t\t\t<\/div>\n\t\t\t\t\t<\/div>\n\t\t<\/div>\n\t\t\t\t\t<\/div>\n\t\t<\/section>\n\t\t\t\t<section class=\"elementor-section elementor-top-section elementor-element elementor-element-3374ae2 elementor-section-boxed elementor-section-height-default elementor-section-height-default\" data-id=\"3374ae2\" data-element_type=\"section\">\n\t\t\t\t\t\t<div class=\"elementor-container elementor-column-gap-default\">\n\t\t\t\t\t<div class=\"elementor-column elementor-col-100 elementor-top-column elementor-element elementor-element-811a598\" data-id=\"811a598\" data-element_type=\"column\">\n\t\t\t<div class=\"elementor-widget-wrap elementor-element-populated\">\n\t\t\t\t\t\t<div class=\"elementor-element elementor-element-9c95dc4 elementor-widget elementor-widget-text-editor\" data-id=\"9c95dc4\" data-element_type=\"widget\" data-widget_type=\"text-editor.default\">\n\t\t\t\t<div class=\"elementor-widget-container\">\n\t\t\t\t\t\t\t\t\t<p><b>L\u2019IDEA<\/b><\/p><p>E\u2019 risaputo che nel mondo la forza lavoro \u00e8 composta pi\u00f9 da uomini che da donne. In\u00a0<strong>Italia<\/strong>, come nella maggior parte d\u2019Europa, soltanto\u00a0<strong>un\u2019attivit\u00e0 imprenditoriale su cinque<\/strong>\u00a0\u00e8 guidata da una donna.<\/p><p>Sembrerebbe addirittura che la presenza femminile nelle giovani societ\u00e0 innovative sia ancora pi\u00f9 ridotta rispetto a quella presente nelle aziende.<\/p><p>Eppure alcuni studi sostengono che le donne sono molto pi\u00f9 adatte ad individuare i bisogni di mercato ed a coglierne le opportunit\u00e0, raggiungendo gli obiettivi pi\u00f9 velocemente degli uomini, e che secondo le indagini di mercato le start-up fondate da donne hanno\u00a0<strong>maggiore probabilit\u00e0 di ricevere investimenti<\/strong>\u00a0rispetto a quelle costituite da soli uomini.<\/p><p><b>IL CONTESTO DI RIFERIMENTO<\/b><\/p><p>Nel 2017 in Campania c\u2019\u00e8 stato un considerevole aumento delle imprese femminili, rispetto ai tre anni precedenti, grazie all\u2019aumento di imprese nel settore turistico e dei servizi.<\/p><p>Ma la pandemia da COVID-19 ha drasticamente riabbassato questi dati. Uno degli effetti dirompenti della crisi che oggi purtroppo investe l\u2019intero mondo \u00e8 stato ed \u00e8 proprio quello che la donna non vuole pi\u00f9 mettersi in gioco; ha smarrito, forse per una comprensibile paura, quello spirito d\u2019iniziativa e quella voglia di fare, rimanendo disinformata sulle novit\u00e0 in corso dell\u2019imprenditoria femminile.<\/p><p><b>SCOPO<\/b><\/p><p>E\u2019 il momento di ripartire e di riportare la donna al centro del sistema imprenditoriale del futuro.<\/p><p>Questo \u00e8 lo scopo del progetto \u201cConfesercenti Donna\u201d. Un team di professionisti di vari settori pronti ad aiutare le donne interessate gi\u00e0 dal primo step pi\u00f9 importante, quello dell\u2019informazione e della formazione, per poi assisterle nella ricerca della migliore soluzione imprenditoriale in base alle proprie attitudini, alle proprie ambizioni e senza perdere la voglia d\u2019indipendenza. Ma soprattutto un progetto che mira ad aiutare ed assistere le imprese femminili gi\u00e0 esistenti nel trovare la miglior soluzione possibile per ripartire nel mercato, senza abbandonare i progetti ed i sogni iniziali.<\/p><p>Contattaci e ti apriremo un mondo nuovo.<\/p><p><b>SERVIZI:<\/b><\/p><ul><li>ORIENTAMENTO AL LAVORO<\/li><li>FORMAZIONE PROFESSIONALE<\/li><li>ORIENTAMENTO IMPRENDITORIALE<\/li><li>CONSULENZA SU FINANZIAMENTI PUBBLICI<\/li><li>ASSISTENZA SU FINANZIAMENTI BANCARI<\/li><li>CAF E PATRONATO<\/li><li>ASSISTENZA LEGALE E FISCALE<\/li><\/ul><p><b>CONTATTI<\/b><\/p><p>info@confesercentinapoli.it<\/p><p>081.553.66.53<\/p>\t\t\t\t\t\t\t\t<\/div>\n\t\t\t\t<\/div>\n\t\t\t\t\t<\/div>\n\t\t<\/div>\n\t\t\t\t\t<\/div>\n\t\t<\/section>\n\t\t\t\t<\/div>\n\t\t","protected":false},"excerpt":{"rendered":"<p>L\u2019IDEA E\u2019 risaputo che nel mondo la forza lavoro \u00e8 composta pi\u00f9 da uomini che da donne. In\u00a0Italia, come nella maggior parte d\u2019Europa, soltanto\u00a0un\u2019attivit\u00e0 imprenditoriale su cinque\u00a0\u00e8 guidata da una donna. Sembrerebbe addirittura che la presenza femminile nelle giovani societ\u00e0 innovative sia ancora pi\u00f9 ridotta rispetto a quella presente nelle aziende. Eppure alcuni studi sostengono [&hellip;]<\/p>\n","protected":false},"author":1,"featured_media":0,"parent":0,"menu_order":0,"comment_status":"closed","ping_status":"closed","template":"","meta":{"footnotes":""},"class_list":["post-2434","page","type-page","status-publish","hentry"],"_links":{"self":[{"href":"https:\/\/www.confesercenticampania.it\/demo\/wp-json\/wp\/v2\/pages\/2434","targetHints":{"allow":["GET"]}}],"collection":[{"href":"https:\/\/www.confesercenticampania.it\/demo\/wp-json\/wp\/v2\/pages"}],"about":[{"href":"https:\/\/www.confesercenticampania.it\/demo\/wp-json\/wp\/v2\/types\/page"}],"author":[{"embeddable":true,"href":"https:\/\/www.confesercenticampania.it\/demo\/wp-json\/wp\/v2\/users\/1"}],"replies":[{"embeddable":true,"href":"https:\/\/www.confesercenticampania.it\/demo\/wp-json\/wp\/v2\/comments?post=2434"}],"version-history":[{"count":3,"href":"https:\/\/www.confesercenticampania.it\/demo\/wp-json\/wp\/v2\/pages\/2434\/revisions"}],"predecessor-version":[{"id":4198,"href":"https:\/\/www.confesercenticampania.it\/demo\/wp-json\/wp\/v2\/pages\/2434\/revisions\/4198"}],"wp:attachment":[{"href":"https:\/\/www.confesercenticampania.it\/demo\/wp-json\/wp\/v2\/media?parent=2434"}],"curies":[{"name":"wp","href":"https:\/\/api.w.org\/{rel}","templated":true}]}}